{"id":5429,"date":"2025-04-15T15:33:08","date_gmt":"2025-04-15T13:33:08","guid":{"rendered":"https:\/\/shpo.eu\/catalogus\/non class\u00e9\/cremaillere-en-porte-a-faux\/"},"modified":"2025-04-15T15:33:08","modified_gmt":"2025-04-15T13:33:08","slug":"cremaillere-en-porte-a-faux","status":"publish","type":"product","link":"https:\/\/shpo.eu\/fr\/catalogue\/stockage\/cremaillere-en-porte-a-faux\/","title":{"rendered":"Cr\u00e9maill\u00e8re en porte-\u00e0-faux"},"content":{"rendered":"<p>Un <strong>rayonnage en porte-\u00e0-faux<\/strong> est un type de solution de stockage sp\u00e9cialement con\u00e7u pour stocker des marchandises longues, lourdes ou de forme irr\u00e9guli\u00e8re, telles que des tuyaux, des feuilles, du bois ou d&rsquo;autres mat\u00e9riaux longs.<\/p>\n<p>Contrairement aux rayonnages \u00e0 palettes traditionnels, les rayonnages cantilever sont dot\u00e9s de bras fix\u00e9s aux colonnes verticales, ce qui permet de placer les marchandises de mani\u00e8re efficace et s\u00fbre.<\/p>\n<p>Voici quelques caract\u00e9ristiques des rayonnages en porte-\u00e0-faux :<\/p>\n<p>1. Flexibilit\u00e9 : les bras peuvent \u00eatre plac\u00e9s \u00e0 diff\u00e9rentes hauteurs, ce qui vous permet d&rsquo;adapter le rayonnage \u00e0 la taille des marchandises stock\u00e9es.<\/p>\n<p>2. Accessibilit\u00e9 : les rayonnages en porte-\u00e0-faux facilitent le chargement et le d\u00e9chargement des marchandises, ce qui accro\u00eet l&rsquo;efficacit\u00e9 de l&rsquo;entrep\u00f4t.<\/p>\n<p>3. Stabilit\u00e9 : ils sont con\u00e7us pour supporter de lourdes charges, ce qui permet de stocker des mat\u00e9riaux lourds en toute s\u00e9curit\u00e9.<\/p>\n<p>4. Gain de place : la capacit\u00e9 de stockage vertical permet une utilisation optimale de l&rsquo;espace disponible.<\/p>\n<p>Les rayonnages en porte-\u00e0-faux sont id\u00e9aux pour les entreprises qui manipulent r\u00e9guli\u00e8rement des produits longs ou lourds.<\/p>\n<p>Nos rayonnages \u00e0 bras de support sont fabriqu\u00e9s en acier lamin\u00e9 \u00e0 chaud et les bras sont soit boulonn\u00e9s, soit suspendus.<\/p>\n<p>Si vous souhaitez en savoir plus sur les applications ou les avantages des rayonnages cantilever, n&rsquo;h\u00e9sitez pas \u00e0 nous contacter !<\/p>\n","protected":false},"excerpt":{"rendered":"<p>Un rayonnage en porte-\u00e0-faux est un type de solution de stockage sp\u00e9cialement con\u00e7u pour stocker des marchandises longues, lourdes ou de forme irr\u00e9guli\u00e8re, telles que des tuyaux, des feuilles, du bois ou d&rsquo;autres mat\u00e9riaux longs. Contrairement aux rayonnages \u00e0 palettes traditionnels, les rayonnages cantilever sont dot\u00e9s de bras fix\u00e9s aux colonnes verticales, ce qui permet [&hellip;]<\/p>\n","protected":false},"featured_media":3602,"template":"","meta":[],"product_brand":[],"product_cat":[252],"product_tag":[],"class_list":{"0":"post-5429","1":"product","2":"type-product","3":"status-publish","4":"has-post-thumbnail","6":"product_cat-stockage","8":"first","9":"instock","10":"shipping-taxable","11":"product-type-simple"},"_links":{"self":[{"href":"https:\/\/shpo.eu\/fr\/wp-json\/wp\/v2\/product\/5429","targetHints":{"allow":["GET"]}}],"collection":[{"href":"https:\/\/shpo.eu\/fr\/wp-json\/wp\/v2\/product"}],"about":[{"href":"https:\/\/shpo.eu\/fr\/wp-json\/wp\/v2\/types\/product"}],"wp:featuredmedia":[{"embeddable":true,"href":"https:\/\/shpo.eu\/fr\/wp-json\/wp\/v2\/media\/3602"}],"wp:attachment":[{"href":"https:\/\/shpo.eu\/fr\/wp-json\/wp\/v2\/media?parent=5429"}],"wp:term":[{"taxonomy":"product_brand","embeddable":true,"href":"https:\/\/shpo.eu\/fr\/wp-json\/wp\/v2\/product_brand?post=5429"},{"taxonomy":"product_cat","embeddable":true,"href":"https:\/\/shpo.eu\/fr\/wp-json\/wp\/v2\/product_cat?post=5429"},{"taxonomy":"product_tag","embeddable":true,"href":"https:\/\/shpo.eu\/fr\/wp-json\/wp\/v2\/product_tag?post=5429"}],"curies":[{"name":"wp","href":"https:\/\/api.w.org\/{rel}","templated":true}]}}