{"id":4191,"date":"2024-09-25T15:16:39","date_gmt":"2024-09-25T13:16:39","guid":{"rendered":"https:\/\/shpo.eu\/catalogus\/non%20class\u00e9\/chariot-de-table-850-x-500-mm-avec-3-niveaux\/"},"modified":"2024-11-07T10:30:39","modified_gmt":"2024-11-07T09:30:39","slug":"chariot-de-table-850-x-500-mm-avec-3-niveaux","status":"publish","type":"product","link":"https:\/\/shpo.eu\/fr\/catalogue\/handling-fr\/materiel-de-transport-interne\/chariots-de-table\/chariot-de-table-850-x-500-mm-avec-3-niveaux\/","title":{"rendered":"Chariot de table 850 x 500 mm avec 3 niveaux"},"content":{"rendered":"<p><strong><u>Chariot de table \u00e0 3 niveaux <\/u><\/strong>en tubes et profil\u00e9s d&rsquo;acier robustes<\/p>\n<ul>\n<li>2 Plates-formes : 850 x 500 mm<\/li>\n<li>capacit\u00e9 de charge : 500 kg<\/li>\n<li>2 roulettes pivotantes &#8211; 2 roulettes fixes<\/li>\n<li>Traitement de surface : rev\u00eatement en poudre bleu RAL 5001<\/li>\n<li>surface de chargement : MDF<\/li>\n<li>roues : 200 x 50 mm en caoutchouc plein sur jante en acier zingu\u00e9 avec roulement \u00e0 rouleaux<\/li>\n<li>d\u00e9lai de livraison : 10 &#8211; 14 jours ouvrables<\/li>\n<\/ul>\n","protected":false},"excerpt":{"rendered":"<p>Chariot de table \u00e0 3 niveaux en tubes et profil\u00e9s d&rsquo;acier robustes 2 Plates-formes : 850 x 500 mm capacit\u00e9 de charge : 500 kg 2 roulettes pivotantes &#8211; 2 roulettes fixes Traitement de surface : rev\u00eatement en poudre bleu RAL 5001 surface de chargement : MDF roues : 200 x 50 mm en caoutchouc [&hellip;]<\/p>\n","protected":false},"featured_media":1963,"template":"","meta":[],"product_brand":[],"product_cat":[140],"product_tag":[],"class_list":{"0":"post-4191","1":"product","2":"type-product","3":"status-publish","4":"has-post-thumbnail","6":"product_cat-chariots-de-table","8":"first","9":"instock","10":"shipping-taxable","11":"product-type-simple"},"_links":{"self":[{"href":"https:\/\/shpo.eu\/fr\/wp-json\/wp\/v2\/product\/4191","targetHints":{"allow":["GET"]}}],"collection":[{"href":"https:\/\/shpo.eu\/fr\/wp-json\/wp\/v2\/product"}],"about":[{"href":"https:\/\/shpo.eu\/fr\/wp-json\/wp\/v2\/types\/product"}],"wp:featuredmedia":[{"embeddable":true,"href":"https:\/\/shpo.eu\/fr\/wp-json\/wp\/v2\/media\/1963"}],"wp:attachment":[{"href":"https:\/\/shpo.eu\/fr\/wp-json\/wp\/v2\/media?parent=4191"}],"wp:term":[{"taxonomy":"product_brand","embeddable":true,"href":"https:\/\/shpo.eu\/fr\/wp-json\/wp\/v2\/product_brand?post=4191"},{"taxonomy":"product_cat","embeddable":true,"href":"https:\/\/shpo.eu\/fr\/wp-json\/wp\/v2\/product_cat?post=4191"},{"taxonomy":"product_tag","embeddable":true,"href":"https:\/\/shpo.eu\/fr\/wp-json\/wp\/v2\/product_tag?post=4191"}],"curies":[{"name":"wp","href":"https:\/\/api.w.org\/{rel}","templated":true}]}}