{"id":4169,"date":"2024-09-25T15:16:52","date_gmt":"2024-09-25T13:16:52","guid":{"rendered":"https:\/\/shpo.eu\/catalogus\/non%20class\u00e9\/chariot-a-double-extremite-1000x700-mm\/"},"modified":"2024-11-07T10:33:24","modified_gmt":"2024-11-07T09:33:24","slug":"chariot-a-double-extremite-1000x700-mm","status":"publish","type":"product","link":"https:\/\/shpo.eu\/fr\/catalogue\/handling-fr\/materiel-de-transport-interne\/chariots-muraux\/chariot-a-double-extremite-1000x700-mm\/","title":{"rendered":"Chariot \u00e0 double extr\u00e9mit\u00e9 1000&#215;700 mm"},"content":{"rendered":"<p><strong><u>Chariot \u00e0 panneaux \u00e0 double extr\u00e9mit\u00e9 <\/u><\/strong><\/p>\n<p>en tube robuste et acier profil\u00e9 &#8211; plate-forme : 1000 x 700 mm &#8211; 2 roues pivotantes &#8211; 2 roues fixes &#8211; traitement de surface : rev\u00eatement \u00e9poxy bleu RAL 5001 &#8211; surface de chargement : MDF &#8211; roues : 200x50mm en caoutchouc plein sur jantes en acier galvanis\u00e9 \u00e9quip\u00e9es de roulements \u00e0 rouleaux &#8211; prix : 325 \u20ac par pi\u00e8ce &#8211; d\u00e9lai de livraison : 4 &#8211; 6 jours ouvrables<\/p>\n","protected":false},"excerpt":{"rendered":"<p>Chariot \u00e0 panneaux \u00e0 double extr\u00e9mit\u00e9 en tube robuste et acier profil\u00e9 &#8211; plate-forme : 1000 x 700 mm &#8211; 2 roues pivotantes &#8211; 2 roues fixes &#8211; traitement de surface : rev\u00eatement \u00e9poxy bleu RAL 5001 &#8211; surface de chargement : MDF &#8211; roues : 200x50mm en caoutchouc plein sur jantes en acier galvanis\u00e9 [&hellip;]<\/p>\n","protected":false},"featured_media":3376,"template":"","meta":[],"product_brand":[],"product_cat":[154],"product_tag":[],"class_list":{"0":"post-4169","1":"product","2":"type-product","3":"status-publish","4":"has-post-thumbnail","6":"product_cat-chariots-muraux","8":"first","9":"instock","10":"shipping-taxable","11":"product-type-simple"},"_links":{"self":[{"href":"https:\/\/shpo.eu\/fr\/wp-json\/wp\/v2\/product\/4169","targetHints":{"allow":["GET"]}}],"collection":[{"href":"https:\/\/shpo.eu\/fr\/wp-json\/wp\/v2\/product"}],"about":[{"href":"https:\/\/shpo.eu\/fr\/wp-json\/wp\/v2\/types\/product"}],"wp:featuredmedia":[{"embeddable":true,"href":"https:\/\/shpo.eu\/fr\/wp-json\/wp\/v2\/media\/3376"}],"wp:attachment":[{"href":"https:\/\/shpo.eu\/fr\/wp-json\/wp\/v2\/media?parent=4169"}],"wp:term":[{"taxonomy":"product_brand","embeddable":true,"href":"https:\/\/shpo.eu\/fr\/wp-json\/wp\/v2\/product_brand?post=4169"},{"taxonomy":"product_cat","embeddable":true,"href":"https:\/\/shpo.eu\/fr\/wp-json\/wp\/v2\/product_cat?post=4169"},{"taxonomy":"product_tag","embeddable":true,"href":"https:\/\/shpo.eu\/fr\/wp-json\/wp\/v2\/product_tag?post=4169"}],"curies":[{"name":"wp","href":"https:\/\/api.w.org\/{rel}","templated":true}]}}