{"id":4150,"date":"2024-09-25T15:16:37","date_gmt":"2024-09-25T13:16:37","guid":{"rendered":"https:\/\/shpo.eu\/catalogus\/non%20class\u00e9\/chariot-de-poussee-robuste-1200-x-800-mm\/"},"modified":"2024-11-07T10:12:23","modified_gmt":"2024-11-07T09:12:23","slug":"chariot-de-poussee-robuste-1200-x-800-mm","status":"publish","type":"product","link":"https:\/\/shpo.eu\/fr\/catalogue\/handling-fr\/materiel-de-transport-interne\/chariots-a-bras\/chariot-de-poussee-robuste-1200-x-800-mm\/","title":{"rendered":"Chariot de pouss\u00e9e robuste 1200 x 800 mm"},"content":{"rendered":"<p><strong><u>Chariot de pouss\u00e9e robuste<\/u><\/strong> en tubes et profil\u00e9s d&rsquo;acier robustes.<\/p>\n<ul>\n<li>capacit\u00e9 de charge : 1000 kg<\/li>\n<li>2 roulettes pivotantes &#8211; 2 roulettes fixes<\/li>\n<li>hauteur de la plate-forme de chargement : 290 mm<\/li>\n<li>plate-forme : \u00e9quip\u00e9e d&rsquo;un panneau de contreplaqu\u00e9 en b\u00e9ton avec rev\u00eatement antid\u00e9rapant<\/li>\n<li>Traitement de surface : rev\u00eatement en poudre bleu RAL 5001<\/li>\n<li>roues sur pneus \u00e9lastiques 200 x 50 mm<\/li>\n<li>d\u00e9lai de livraison : 4 &#8211; 6 jours ouvrables<\/li>\n<\/ul>\n","protected":false},"excerpt":{"rendered":"<p>Chariot de pouss\u00e9e robuste en tubes et profil\u00e9s d&rsquo;acier robustes. capacit\u00e9 de charge : 1000 kg 2 roulettes pivotantes &#8211; 2 roulettes fixes hauteur de la plate-forme de chargement : 290 mm plate-forme : \u00e9quip\u00e9e d&rsquo;un panneau de contreplaqu\u00e9 en b\u00e9ton avec rev\u00eatement antid\u00e9rapant Traitement de surface : rev\u00eatement en poudre bleu RAL 5001 roues [&hellip;]<\/p>\n","protected":false},"featured_media":1972,"template":"","meta":[],"product_brand":[],"product_cat":[137],"product_tag":[],"class_list":{"0":"post-4150","1":"product","2":"type-product","3":"status-publish","4":"has-post-thumbnail","6":"product_cat-chariots-a-bras","8":"first","9":"instock","10":"shipping-taxable","11":"product-type-simple"},"_links":{"self":[{"href":"https:\/\/shpo.eu\/fr\/wp-json\/wp\/v2\/product\/4150","targetHints":{"allow":["GET"]}}],"collection":[{"href":"https:\/\/shpo.eu\/fr\/wp-json\/wp\/v2\/product"}],"about":[{"href":"https:\/\/shpo.eu\/fr\/wp-json\/wp\/v2\/types\/product"}],"wp:featuredmedia":[{"embeddable":true,"href":"https:\/\/shpo.eu\/fr\/wp-json\/wp\/v2\/media\/1972"}],"wp:attachment":[{"href":"https:\/\/shpo.eu\/fr\/wp-json\/wp\/v2\/media?parent=4150"}],"wp:term":[{"taxonomy":"product_brand","embeddable":true,"href":"https:\/\/shpo.eu\/fr\/wp-json\/wp\/v2\/product_brand?post=4150"},{"taxonomy":"product_cat","embeddable":true,"href":"https:\/\/shpo.eu\/fr\/wp-json\/wp\/v2\/product_cat?post=4150"},{"taxonomy":"product_tag","embeddable":true,"href":"https:\/\/shpo.eu\/fr\/wp-json\/wp\/v2\/product_tag?post=4150"}],"curies":[{"name":"wp","href":"https:\/\/api.w.org\/{rel}","templated":true}]}}