{"id":4141,"date":"2024-10-07T23:05:30","date_gmt":"2024-10-07T21:05:30","guid":{"rendered":"https:\/\/shpo.eu\/catalogus\/non%20class\u00e9\/bennes-basculantes-type-kn-skn-2\/"},"modified":"2025-02-10T16:33:35","modified_gmt":"2025-02-10T15:33:35","slug":"bennes-basculantes-type-kn-skn-2","status":"publish","type":"product","link":"https:\/\/shpo.eu\/fr\/catalogue\/handling-fr\/environnement\/conteneurs-a-bascule\/bennes-basculantes-type-kn-skn-2\/","title":{"rendered":"BENNES BASCULANTES TYPE KN \/ SKN"},"content":{"rendered":"<h1>C\u00f4t\u00e9 bascule. Pour la collecte et l&rsquo;\u00e9limination de mat\u00e9riaux en vrac ou de d\u00e9chets industriels<\/h1>\n<ul>\n<li>construction robuste en t\u00f4le d&rsquo;acier avec renforcement des bords<\/li>\n<li>plateau de roulement inclinable avec poign\u00e9e<\/li>\n<li>cadre de base stable avec manchons d&rsquo;enfoncement<\/li>\n<li>facile \u00e0 d\u00e9placer avec un chariot \u00e9l\u00e9vateur<\/li>\n<li>\u00e9tanche \u00e0 l&rsquo;huile et \u00e0 l&rsquo;eau<\/li>\n<li>s\u00e9curis\u00e9 contre le glissement et le basculement involontaires<\/li>\n<li>possibilit\u00e9 d&rsquo;adapter les roues<\/li>\n<\/ul>\n<h1>Versions Bennes KN<\/h1>\n<ul>\n<li>comme d\u00e9crit ci-dessus<\/li>\n<\/ul>\n<h1>Bennes \u00e0 copeaux SKN<\/h1>\n<ul>\n<li>tamis et vanne de vidange 1&Prime; pour la s\u00e9paration des liquides et des solides<\/li>\n<\/ul>\n","protected":false},"excerpt":{"rendered":"<p>C\u00f4t\u00e9 bascule. Pour la collecte et l&rsquo;\u00e9limination de mat\u00e9riaux en vrac ou de d\u00e9chets industriels construction robuste en t\u00f4le d&rsquo;acier avec renforcement des bords plateau de roulement inclinable avec poign\u00e9e cadre de base stable avec manchons d&rsquo;enfoncement facile \u00e0 d\u00e9placer avec un chariot \u00e9l\u00e9vateur \u00e9tanche \u00e0 l&rsquo;huile et \u00e0 l&rsquo;eau s\u00e9curis\u00e9 contre le glissement et [&hellip;]<\/p>\n","protected":false},"featured_media":2905,"template":"","meta":[],"product_brand":[],"product_cat":[153,132],"product_tag":[],"class_list":{"0":"post-4141","1":"product","2":"type-product","3":"status-publish","4":"has-post-thumbnail","6":"product_cat-environnement","7":"product_cat-conteneurs-a-bascule","9":"first","10":"onbackorder","11":"shipping-taxable","12":"product-type-simple"},"_links":{"self":[{"href":"https:\/\/shpo.eu\/fr\/wp-json\/wp\/v2\/product\/4141","targetHints":{"allow":["GET"]}}],"collection":[{"href":"https:\/\/shpo.eu\/fr\/wp-json\/wp\/v2\/product"}],"about":[{"href":"https:\/\/shpo.eu\/fr\/wp-json\/wp\/v2\/types\/product"}],"wp:featuredmedia":[{"embeddable":true,"href":"https:\/\/shpo.eu\/fr\/wp-json\/wp\/v2\/media\/2905"}],"wp:attachment":[{"href":"https:\/\/shpo.eu\/fr\/wp-json\/wp\/v2\/media?parent=4141"}],"wp:term":[{"taxonomy":"product_brand","embeddable":true,"href":"https:\/\/shpo.eu\/fr\/wp-json\/wp\/v2\/product_brand?post=4141"},{"taxonomy":"product_cat","embeddable":true,"href":"https:\/\/shpo.eu\/fr\/wp-json\/wp\/v2\/product_cat?post=4141"},{"taxonomy":"product_tag","embeddable":true,"href":"https:\/\/shpo.eu\/fr\/wp-json\/wp\/v2\/product_tag?post=4141"}],"curies":[{"name":"wp","href":"https:\/\/api.w.org\/{rel}","templated":true}]}}