{"id":4139,"date":"2024-09-25T15:16:59","date_gmt":"2024-09-25T13:16:59","guid":{"rendered":"https:\/\/shpo.eu\/catalogus\/non%20class\u00e9\/bac-de-stockage-350-x-206-x-150-mm\/"},"modified":"2024-10-30T09:09:06","modified_gmt":"2024-10-30T08:09:06","slug":"bac-de-stockage-350-x-206-x-150-mm","status":"publish","type":"product","link":"https:\/\/shpo.eu\/fr\/catalogue\/emballage\/bacs-de-stockage\/bac-de-stockage-350-x-206-x-150-mm\/","title":{"rendered":"Bac de stockage &#8211; 350 x 206 x 150 mm"},"content":{"rendered":"<p><u>Bac de stockage en plastique durable :  <\/u><\/p>\n<p>Bac de stockage <u>empilable<\/u>, nouveau sur le march\u00e9, empilable avec divers autres bacs de stockage Marque : <span style=\"\"><strong>Axjo Group (PPS) &#8211; Su\u00e8de<\/strong><\/span><\/p>\n<p><u>Notes techniques<\/u><\/p>\n<ul>\n<li>Taille :\n<ul>\n<li>350 x 206 x 150 mm (l x l x h) : dimensions ext\u00e9rieures<\/li>\n<li>299 x 199 x 140 mm (l x l x h) : dimensions internes<\/li>\n<\/ul>\n<\/li>\n<li>Couleurs : bleu standard, rouge ou jaune (PP alimentaire)<\/li>\n<li><span style=\"color: #b5b5b5\"><strong>VERSION GREENOLOGY<\/strong><\/span> (r\u00e9duction du CO2) : couleur grise<\/li>\n<li>Volume : 10,8 litres \/ poids : 0,54 kg<\/li>\n<li>R\u00e9sistance \u00e0 la temp\u00e9rature : -40\u00b0C \u00e0 +70\u00b0C<\/li>\n<li>R\u00e9sistance chimique : huiles, la plupart des acides et des solvants<\/li>\n<li>quantit\u00e9 de vente : <u><strong>seulement <\/strong><\/u>par carton de 16 pi\u00e8ces \/ palette de 160 pi\u00e8ces<\/li>\n<\/ul>\n<p><u>Mise en \u0153uvre<\/u>:<\/p>\n<ul>\n<li>bac de rangement avec ouverture ergonomique sur le petit c\u00f4t\u00e9<\/li>\n<li>Le bac de stockage peut \u00e9galement \u00eatre mont\u00e9 sur des rails gr\u00e2ce \u00e0 un rebord robuste encastr\u00e9 \u00e0 l&rsquo;arri\u00e8re.<\/li>\n<li>possibilit\u00e9 de diviseur de longueur<\/li>\n<\/ul>\n","protected":false},"excerpt":{"rendered":"<p>Bac de stockage en plastique durable : Bac de stockage empilable, nouveau sur le march\u00e9, empilable avec divers autres bacs de stockage Marque : Axjo Group (PPS) &#8211; Su\u00e8de Notes techniques Taille : 350 x 206 x 150 mm (l x l x h) : dimensions ext\u00e9rieures 299 x 199 x 140 mm (l x [&hellip;]<\/p>\n","protected":false},"featured_media":1725,"template":"","meta":[],"product_brand":[],"product_cat":[147],"product_tag":[],"class_list":{"0":"post-4139","1":"product","2":"type-product","3":"status-publish","4":"has-post-thumbnail","6":"product_cat-bacs-de-stockage","8":"first","9":"instock","10":"shipping-taxable","11":"product-type-simple"},"_links":{"self":[{"href":"https:\/\/shpo.eu\/fr\/wp-json\/wp\/v2\/product\/4139","targetHints":{"allow":["GET"]}}],"collection":[{"href":"https:\/\/shpo.eu\/fr\/wp-json\/wp\/v2\/product"}],"about":[{"href":"https:\/\/shpo.eu\/fr\/wp-json\/wp\/v2\/types\/product"}],"wp:featuredmedia":[{"embeddable":true,"href":"https:\/\/shpo.eu\/fr\/wp-json\/wp\/v2\/media\/1725"}],"wp:attachment":[{"href":"https:\/\/shpo.eu\/fr\/wp-json\/wp\/v2\/media?parent=4139"}],"wp:term":[{"taxonomy":"product_brand","embeddable":true,"href":"https:\/\/shpo.eu\/fr\/wp-json\/wp\/v2\/product_brand?post=4139"},{"taxonomy":"product_cat","embeddable":true,"href":"https:\/\/shpo.eu\/fr\/wp-json\/wp\/v2\/product_cat?post=4139"},{"taxonomy":"product_tag","embeddable":true,"href":"https:\/\/shpo.eu\/fr\/wp-json\/wp\/v2\/product_tag?post=4139"}],"curies":[{"name":"wp","href":"https:\/\/api.w.org\/{rel}","templated":true}]}}