{"id":4102,"date":"2024-08-25T15:17:09","date_gmt":"2024-08-25T13:17:09","guid":{"rendered":"https:\/\/shpo.eu\/catalogus\/non%20class\u00e9\/bac-de-stockage-de-pieces-300-x-188-x-80-mm\/"},"modified":"2024-11-07T10:39:32","modified_gmt":"2024-11-07T09:39:32","slug":"bac-de-stockage-de-pieces-300-x-188-x-80-mm","status":"publish","type":"product","link":"https:\/\/shpo.eu\/fr\/catalogue\/boites-systeme\/bac-de-stockage-de-pieces-300-x-188-x-80-mm\/","title":{"rendered":"Bac de stockage de pi\u00e8ces &#8211; 300 x 188 x 80 mm"},"content":{"rendered":"<p><u>Bac \u00e0 pi\u00e8ces en plastique durable :<\/u><\/p>\n<p>Bac \u00e0 pi\u00e8ces (80mm de haut) avec des s\u00e9parateurs droits pour une manipulation ergonomique et un pr\u00e9l\u00e8vement des pi\u00e8ces Marque : <strong><span style=\"\">Axjo Group (PPS<\/span> ) &#8211; Su\u00e8de<\/strong><\/p>\n<p><u>Notes techniques<\/u><\/p>\n<ul>\n<li>Taille :\n<ul>\n<li>300 x 188 x 100 mm (l x l x h) dimensions ext\u00e9rieures<\/li>\n<li>259 x 169 x 71 mm (l x l x h) dimensions internes<\/li>\n<\/ul>\n<\/li>\n<li>Volume : 3,1 litres \/ Poids : 0,24 kg<\/li>\n<li>Couleur : bleu standard (PP alimentaire)<\/li>\n<li><strong><span style=\"color: #b5b5b5\">VERSION GREENOLOGY<\/span> <\/strong>(r\u00e9duction du CO2) : couleur grise<\/li>\n<li>R\u00e9sistance \u00e0 la temp\u00e9rature : -40\u00b0C \u00e0 +70\u00b0C<\/li>\n<li>R\u00e9sistance chimique : huiles, la plupart des acides et des solvants<\/li>\n<li>Vente : <strong><u>seulement<\/u><\/strong> par carton de 18 pi\u00e8ces \/ palette de 360 pi\u00e8ces<\/li>\n<\/ul>\n<p><u>Mise en \u0153uvre :<\/u><\/p>\n<ul>\n<li>le conteneur peut \u00eatre \u00e9quip\u00e9 de 3 cloisons droites\n<ul>\n<li>positions : 65,130,185 mm<\/li>\n<\/ul>\n<\/li>\n<\/ul>\n","protected":false},"excerpt":{"rendered":"<p>Bac \u00e0 pi\u00e8ces en plastique durable : Bac \u00e0 pi\u00e8ces (80mm de haut) avec des s\u00e9parateurs droits pour une manipulation ergonomique et un pr\u00e9l\u00e8vement des pi\u00e8ces Marque : Axjo Group (PPS ) &#8211; Su\u00e8de Notes techniques Taille : 300 x 188 x 100 mm (l x l x h) dimensions ext\u00e9rieures 259 x 169 x [&hellip;]<\/p>\n","protected":false},"featured_media":1282,"template":"","meta":[],"product_brand":[],"product_cat":[133],"product_tag":[],"class_list":{"0":"post-4102","1":"product","2":"type-product","3":"status-publish","4":"has-post-thumbnail","6":"product_cat-boites-systeme","8":"first","9":"instock","10":"shipping-taxable","11":"product-type-simple"},"_links":{"self":[{"href":"https:\/\/shpo.eu\/fr\/wp-json\/wp\/v2\/product\/4102","targetHints":{"allow":["GET"]}}],"collection":[{"href":"https:\/\/shpo.eu\/fr\/wp-json\/wp\/v2\/product"}],"about":[{"href":"https:\/\/shpo.eu\/fr\/wp-json\/wp\/v2\/types\/product"}],"wp:featuredmedia":[{"embeddable":true,"href":"https:\/\/shpo.eu\/fr\/wp-json\/wp\/v2\/media\/1282"}],"wp:attachment":[{"href":"https:\/\/shpo.eu\/fr\/wp-json\/wp\/v2\/media?parent=4102"}],"wp:term":[{"taxonomy":"product_brand","embeddable":true,"href":"https:\/\/shpo.eu\/fr\/wp-json\/wp\/v2\/product_brand?post=4102"},{"taxonomy":"product_cat","embeddable":true,"href":"https:\/\/shpo.eu\/fr\/wp-json\/wp\/v2\/product_cat?post=4102"},{"taxonomy":"product_tag","embeddable":true,"href":"https:\/\/shpo.eu\/fr\/wp-json\/wp\/v2\/product_tag?post=4102"}],"curies":[{"name":"wp","href":"https:\/\/api.w.org\/{rel}","templated":true}]}}