{"id":4075,"date":"2024-09-25T15:16:27","date_gmt":"2024-09-25T13:16:27","guid":{"rendered":"https:\/\/shpo.eu\/catalogus\/non%20class\u00e9\/chariot-de-table-850-x-500-mm-a-3-niveaux-niveau-superieur-avec-planche\/"},"modified":"2024-11-07T10:31:52","modified_gmt":"2024-11-07T09:31:52","slug":"chariot-de-table-850-x-500-mm-a-3-niveaux-niveau-superieur-avec-planche","status":"publish","type":"product","link":"https:\/\/shpo.eu\/fr\/catalogue\/handling-fr\/materiel-de-transport-interne\/chariots-de-table\/chariot-de-table-850-x-500-mm-a-3-niveaux-niveau-superieur-avec-planche\/","title":{"rendered":"Chariot de table 850 x 500 mm \u00e0 3 niveaux (niveau sup\u00e9rieur avec planche)"},"content":{"rendered":"<p><strong><u>Chariots de table <\/u><\/strong>en tubes et profil\u00e9s d&rsquo;acier robustes ;<\/p>\n<ul>\n<li>taille de la plate-forme : 850 x 500 mm<\/li>\n<li>capacit\u00e9 de charge : 500 kg<\/li>\n<li>nombre de niveaux : 3 (sur la base d&rsquo;un panneau MDF)<\/li>\n<li>niveau sup\u00e9rieur \u00e9quip\u00e9 d&rsquo;un bord sur\u00e9lev\u00e9 de 20 mm<\/li>\n<li>hauteur du plateau de chargement : 278 mm<\/li>\n<li>hauteur totale : 1020mm<\/li>\n<li>Traitement de surface : rev\u00eatement en poudre bleu RAL 5001<\/li>\n<li>roues : 200&#215;50 mm pneus en caoutchouc plein avec roulements \u00e0 billes<\/li>\n<li><span style=\"background-color: transparent;font-family: var(--wix-font-stack,'HelveticaNeueW01-55Roma','HelveticaNeueW02-55Roma','HelveticaNeueW10-55Roma',sans-serif)\">D\u00e9lai de livraison : 4 &#8211; 6 jours ouvrables<\/span><\/li>\n<\/ul>\n","protected":false},"excerpt":{"rendered":"<p>Chariots de table en tubes et profil\u00e9s d&rsquo;acier robustes ; taille de la plate-forme : 850 x 500 mm capacit\u00e9 de charge : 500 kg nombre de niveaux : 3 (sur la base d&rsquo;un panneau MDF) niveau sup\u00e9rieur \u00e9quip\u00e9 d&rsquo;un bord sur\u00e9lev\u00e9 de 20 mm hauteur du plateau de chargement : 278 mm hauteur totale [&hellip;]<\/p>\n","protected":false},"featured_media":2094,"template":"","meta":[],"product_brand":[],"product_cat":[140],"product_tag":[],"class_list":{"0":"post-4075","1":"product","2":"type-product","3":"status-publish","4":"has-post-thumbnail","6":"product_cat-chariots-de-table","8":"first","9":"instock","10":"shipping-taxable","11":"product-type-simple"},"_links":{"self":[{"href":"https:\/\/shpo.eu\/fr\/wp-json\/wp\/v2\/product\/4075","targetHints":{"allow":["GET"]}}],"collection":[{"href":"https:\/\/shpo.eu\/fr\/wp-json\/wp\/v2\/product"}],"about":[{"href":"https:\/\/shpo.eu\/fr\/wp-json\/wp\/v2\/types\/product"}],"wp:featuredmedia":[{"embeddable":true,"href":"https:\/\/shpo.eu\/fr\/wp-json\/wp\/v2\/media\/2094"}],"wp:attachment":[{"href":"https:\/\/shpo.eu\/fr\/wp-json\/wp\/v2\/media?parent=4075"}],"wp:term":[{"taxonomy":"product_brand","embeddable":true,"href":"https:\/\/shpo.eu\/fr\/wp-json\/wp\/v2\/product_brand?post=4075"},{"taxonomy":"product_cat","embeddable":true,"href":"https:\/\/shpo.eu\/fr\/wp-json\/wp\/v2\/product_cat?post=4075"},{"taxonomy":"product_tag","embeddable":true,"href":"https:\/\/shpo.eu\/fr\/wp-json\/wp\/v2\/product_tag?post=4075"}],"curies":[{"name":"wp","href":"https:\/\/api.w.org\/{rel}","templated":true}]}}