{"id":4060,"date":"2024-09-25T15:16:03","date_gmt":"2024-09-25T13:16:03","guid":{"rendered":"https:\/\/shpo.eu\/catalogus\/non%20class\u00e9\/chariot-a-caisses-sur-roues-avec-pneus-en-caoutchouc-plein\/"},"modified":"2024-11-07T10:27:07","modified_gmt":"2024-11-07T09:27:07","slug":"chariot-a-caisses-sur-roues-avec-pneus-en-caoutchouc-plein","status":"publish","type":"product","link":"https:\/\/shpo.eu\/fr\/catalogue\/handling-fr\/materiel-de-transport-interne\/chariots\/chariot-a-caisses-sur-roues-avec-pneus-en-caoutchouc-plein\/","title":{"rendered":"Chariot \u00e0 caisses sur roues avec pneus en caoutchouc plein"},"content":{"rendered":"<p><strong><u>Chariot \u00e0 caisses <\/u><\/strong>en tubes et profil\u00e9s d&rsquo;acier robustes.<\/p>\n<ul>\n<li>hauteur : 1300 mm<\/li>\n<li>largeur : 500 mm<\/li>\n<li>Taille du scoop : 280 x 235mm (L x P)<\/li>\n<li>capacit\u00e9 de charge : 250 kg<\/li>\n<li>Traitement de surface : rev\u00eatement en poudre RAL 5001 vert-bleu<\/li>\n<li>roues : 250 x 60 mm en caoutchouc plein<\/li>\n<li>d\u00e9lai de livraison : 4 &#8211; 6 jours ouvrables<\/li>\n<\/ul>\n","protected":false},"excerpt":{"rendered":"<p>Chariot \u00e0 caisses en tubes et profil\u00e9s d&rsquo;acier robustes. hauteur : 1300 mm largeur : 500 mm Taille du scoop : 280 x 235mm (L x P) capacit\u00e9 de charge : 250 kg Traitement de surface : rev\u00eatement en poudre RAL 5001 vert-bleu roues : 250 x 60 mm en caoutchouc plein d\u00e9lai de livraison [&hellip;]<\/p>\n","protected":false},"featured_media":2115,"template":"","meta":[],"product_brand":[],"product_cat":[134],"product_tag":[],"class_list":{"0":"post-4060","1":"product","2":"type-product","3":"status-publish","4":"has-post-thumbnail","6":"product_cat-chariots","8":"first","9":"instock","10":"shipping-taxable","11":"product-type-simple"},"_links":{"self":[{"href":"https:\/\/shpo.eu\/fr\/wp-json\/wp\/v2\/product\/4060","targetHints":{"allow":["GET"]}}],"collection":[{"href":"https:\/\/shpo.eu\/fr\/wp-json\/wp\/v2\/product"}],"about":[{"href":"https:\/\/shpo.eu\/fr\/wp-json\/wp\/v2\/types\/product"}],"wp:featuredmedia":[{"embeddable":true,"href":"https:\/\/shpo.eu\/fr\/wp-json\/wp\/v2\/media\/2115"}],"wp:attachment":[{"href":"https:\/\/shpo.eu\/fr\/wp-json\/wp\/v2\/media?parent=4060"}],"wp:term":[{"taxonomy":"product_brand","embeddable":true,"href":"https:\/\/shpo.eu\/fr\/wp-json\/wp\/v2\/product_brand?post=4060"},{"taxonomy":"product_cat","embeddable":true,"href":"https:\/\/shpo.eu\/fr\/wp-json\/wp\/v2\/product_cat?post=4060"},{"taxonomy":"product_tag","embeddable":true,"href":"https:\/\/shpo.eu\/fr\/wp-json\/wp\/v2\/product_tag?post=4060"}],"curies":[{"name":"wp","href":"https:\/\/api.w.org\/{rel}","templated":true}]}}