{"id":4054,"date":"2021-04-29T14:36:34","date_gmt":"2021-04-29T12:36:34","guid":{"rendered":"https:\/\/shpo.eu\/clause-de-non-responsabilite-et-protection-de-la-vie-privee\/"},"modified":"2024-10-29T20:19:42","modified_gmt":"2024-10-29T19:19:42","slug":"clause-de-non-responsabilite-et-protection-de-la-vie-privee","status":"publish","type":"page","link":"https:\/\/shpo.eu\/fr\/clause-de-non-responsabilite-et-protection-de-la-vie-privee\/","title":{"rendered":"Clause de non-responsabilit\u00e9 et protection de la vie priv\u00e9e"},"content":{"rendered":"\t\t<div data-elementor-type=\"wp-page\" data-elementor-id=\"4054\" class=\"elementor elementor-4054 elementor-3\" data-elementor-post-type=\"page\">\n\t\t\t\t<div class=\"elementor-element elementor-element-6191bbb3 e-flex e-con-boxed e-con e-parent\" data-id=\"6191bbb3\" data-element_type=\"container\" data-e-type=\"container\" data-settings=\"{&quot;jet_parallax_layout_list&quot;:[]}\">\n\t\t\t\t\t<div class=\"e-con-inner\">\n\t\t\t\t<div class=\"elementor-element elementor-element-1d7a540 elementor-widget elementor-widget-heading\" data-id=\"1d7a540\" data-element_type=\"widget\" data-e-type=\"widget\" data-widget_type=\"heading.default\">\n\t\t\t\t\t<h1 class=\"elementor-heading-title elementor-size-default\">Clause de non-responsabilit\u00e9 et protection de la vie priv\u00e9e<\/h1>\t\t\t\t<\/div>\n\t\t\t\t<div class=\"elementor-element elementor-element-3e91d539 elementor-widget elementor-widget-text-editor\" data-id=\"3e91d539\" data-element_type=\"widget\" data-e-type=\"widget\" data-widget_type=\"text-editor.default\">\n\t\t\t\t\t\t\t\t\t<div class=\"page\" title=\"Page 1\">\n<div class=\"section\">\n<div class=\"layoutArea\">\n<div class=\"column\">\n<p>Politique de confidentialit\u00e9 SHPO<\/p>\n<p><blockquote class=\"wp-embedded-content\" data-secret=\"LjzoXAM7g4\"><a href=\"https:\/\/shpo.eu\/\">Uw partner in logistieke optimalisatie<\/a><\/blockquote><iframe class=\"wp-embedded-content\" sandbox=\"allow-scripts\" security=\"restricted\" style=\"position: absolute; visibility: hidden;\" title=\"&#8220;Uw partner in logistieke optimalisatie&#8221; &#8212; SHPO\" src=\"https:\/\/shpo.eu\/embed\/#?secret=lPkVeI6tNr#?secret=LjzoXAM7g4\" data-secret=\"LjzoXAM7g4\" width=\"600\" height=\"338\" frameborder=\"0\" marginwidth=\"0\" marginheight=\"0\" scrolling=\"no\"><\/iframe><\/p>\n<p>A propos de notre politique de confidentialit\u00e9<\/p>\n<p>SHPO se pr\u00e9occupe beaucoup de votre vie priv\u00e9e. C&rsquo;est pourquoi nous ne traitons que les donn\u00e9es dont nous avons besoin pour (am\u00e9liorer) nos services et nous traitons avec soin les informations recueillies sur vous et votre utilisation de nos services. Nous ne mettons jamais vos donn\u00e9es \u00e0 la disposition de tiers \u00e0 des fins commerciales.  <\/p>\n<p>La pr\u00e9sente politique de confidentialit\u00e9 s&rsquo;applique \u00e0 l&rsquo;utilisation du site web et des services de SHPO qui y sont accessibles. La date d&rsquo;entr\u00e9e en vigueur de ces conditions est le 19\/10\/2020, la publication d&rsquo;une nouvelle version entra\u00eenant l&rsquo;expiration de la validit\u00e9 de toutes les versions pr\u00e9c\u00e9dentes. La pr\u00e9sente politique de confidentialit\u00e9 d\u00e9crit les donn\u00e9es que nous collectons \u00e0 votre sujet, l&rsquo;usage qui en est fait, avec qui et dans quelles conditions, le cas \u00e9ch\u00e9ant, ces donn\u00e9es peuvent \u00eatre partag\u00e9es avec des tiers. Nous vous expliquons \u00e9galement comment nous stockons vos donn\u00e9es et comment nous les prot\u00e9geons contre les abus, ainsi que les droits dont vous disposez en ce qui concerne les donn\u00e9es \u00e0 caract\u00e8re personnel que vous nous fournissez.   <\/p>\n<p>Si vous avez des questions concernant notre politique de confidentialit\u00e9, veuillez contacter notre personne de contact, dont vous trouverez les coordonn\u00e9es \u00e0 la fin de notre politique de confidentialit\u00e9.<\/p>\n<p>Traitement des donn\u00e9es<\/p>\n<p>Vous pouvez lire ci-dessous comment nous traitons vos donn\u00e9es, o\u00f9 nous les stockons, quelles techniques de s\u00e9curit\u00e9 nous utilisons et \u00e0 qui les donn\u00e9es peuvent \u00eatre consult\u00e9es.<\/p>\n<p>Logiciel de boutique en ligne<\/p>\n<p>WIX<\/p>\n<p>Notre boutique en ligne est d\u00e9velopp\u00e9e avec le logiciel de WIX. Les donn\u00e9es personnelles que vous mettez \u00e0 notre disposition dans le cadre de notre service sont partag\u00e9es avec cette partie. WIX a acc\u00e8s \u00e0 vos donn\u00e9es pour nous fournir une assistance (technique), ils n&rsquo;utiliseront jamais vos donn\u00e9es \u00e0 d&rsquo;autres fins. Sur la base de l&rsquo;accord que nous avons conclu avec eux, WIX est tenu de prendre des mesures de s\u00e9curit\u00e9 appropri\u00e9es. Ces mesures de s\u00e9curit\u00e9 consistent en l&rsquo;application du cryptage SSL et d&rsquo;une politique de mot de passe fort. WIX utilise des cookies pour collecter des informations techniques concernant votre utilisation du logiciel, aucune donn\u00e9e personnelle n&rsquo;est collect\u00e9e et\/ou stock\u00e9e. WIX se r\u00e9serve le droit de partager les donn\u00e9es collect\u00e9es au sein de son propre groupe afin d&rsquo;am\u00e9liorer le service.      <\/p>\n<p>H\u00e9bergement web<\/p>\n<p>WIX<\/p>\n<p>Nous achetons \u00e0 WIX des services d&rsquo;h\u00e9bergement web et de courrier \u00e9lectronique. WIX traite les donn\u00e9es personnelles en notre nom et n&rsquo;utilise pas vos donn\u00e9es \u00e0 ses propres fins. Toutefois, cette partie peut collecter des m\u00e9tadonn\u00e9es sur l&rsquo;utilisation des services. Il ne s&rsquo;agit pas de donn\u00e9es personnelles. WIX a pris des mesures techniques et organisationnelles appropri\u00e9es pour emp\u00eacher la perte et l&rsquo;utilisation non autoris\u00e9e de vos donn\u00e9es personnelles. WIX est tenu au secret dans le cadre de l&rsquo;accord.     <\/p>\n<\/div>\n<\/div>\n<\/div>\n<\/div>\n<div class=\"page\" title=\"Page 2\">\n<div class=\"section\">\n<div class=\"layoutArea\">\n<div class=\"column\">\n<p>E-mail et listes de diffusion<\/p>\n<p>WIX<\/p>\n<p>Nous utilisons les services de WIX pour notre trafic professionnel r\u00e9gulier de courrier \u00e9lectronique. Cette partie a pris des mesures techniques et organisationnelles appropri\u00e9es pour emp\u00eacher autant que possible l&rsquo;abus, la perte et la corruption de vos donn\u00e9es et des n\u00f4tres. WIX n&rsquo;a pas acc\u00e8s \u00e0 notre bo\u00eete aux lettres et nous traitons l&rsquo;ensemble de notre trafic de courrier \u00e9lectronique de mani\u00e8re confidentielle.  <\/p>\n<p>Processeurs de paiement<\/p>\n<p>MultiSafepay<\/p>\n<p>Pour traiter (une partie) des paiements dans notre boutique en ligne, nous utilisons la plateforme de MultiSafepay. MultiSafepay traite votre nom, votre adresse et votre lieu de r\u00e9sidence ainsi que vos donn\u00e9es de paiement telles que votre num\u00e9ro de compte bancaire ou de carte de cr\u00e9dit. MultiSafepay a pris des mesures techniques et organisationnelles appropri\u00e9es pour prot\u00e9ger vos donn\u00e9es personnelles. MultiSafepay se r\u00e9serve le droit d&rsquo;utiliser vos donn\u00e9es pour am\u00e9liorer le service et, dans ce contexte, de partager des donn\u00e9es (anonymes) avec des tiers. Toutes les garanties susmentionn\u00e9es concernant la protection de vos donn\u00e9es personnelles s&rsquo;appliquent \u00e9galement aux parties des services de MultiSafepay pour lesquelles elle fait appel \u00e0 des tiers. MultiSafepay ne conservera pas vos donn\u00e9es plus longtemps que les d\u00e9lais l\u00e9gaux ne le permettent.     <\/p>\n<p>Exp\u00e9dition et logistique<\/p>\n<p>Bpost<\/p>\n<p>Lorsque vous passez une commande chez nous, notre t\u00e2che consiste \u00e0 vous livrer votre colis. Nous utilisons les services de Bpost pour effectuer les livraisons. Pour ce faire, nous devons communiquer \u00e0 Bpost votre nom, votre adresse et votre lieu de r\u00e9sidence. Bpost n&rsquo;utilise ces donn\u00e9es que dans le cadre de l&rsquo;ex\u00e9cution du contrat. Si Bpost fait appel \u00e0 des sous-traitants, Bpost mettra \u00e9galement vos donn\u00e9es \u00e0 la disposition de ces derniers.    <\/p>\n<p>Facturation et comptabilit\u00e9<\/p>\n<p>Chef d&rsquo;\u00e9quipe<\/p>\n<p>Pour tenir nos registres et nos comptes, nous utilisons les services de Teamleader. Nous partageons votre nom, votre adresse et les d\u00e9tails de votre r\u00e9sidence, ainsi que les d\u00e9tails relatifs \u00e0 votre commande. Ces donn\u00e9es sont utilis\u00e9es pour g\u00e9rer les factures de vente. Vos donn\u00e9es personnelles sont transmises et stock\u00e9es de mani\u00e8re prot\u00e9g\u00e9e. Le Teamleader est tenu \u00e0 la confidentialit\u00e9 et gardera vos donn\u00e9es confidentielles. Teamleader n&rsquo;utilise pas vos donn\u00e9es personnelles \u00e0 d&rsquo;autres fins que celles d\u00e9crites ci-dessus.     <\/p>\n<\/div>\n<\/div>\n<\/div>\n<\/div>\n<div class=\"page\" title=\"Page 3\">\n<div class=\"section\">\n<div class=\"layoutArea\">\n<div class=\"column\">\n<p>Finalit\u00e9 du traitement des donn\u00e9es Finalit\u00e9 g\u00e9n\u00e9rale du traitement<\/p>\n<p>Nous utilisons vos donn\u00e9es exclusivement dans le cadre de nos services. En d&rsquo;autres termes, la finalit\u00e9 du traitement est toujours directement li\u00e9e \u00e0 la mission que vous nous confiez. Nous n&rsquo;utilisons pas vos donn\u00e9es \u00e0 des fins de marketing (cibl\u00e9). Si vous nous communiquez des donn\u00e9es et que nous les utilisons pour vous contacter ult\u00e9rieurement &#8211; autrement qu&rsquo;\u00e0 votre demande &#8211; nous vous demanderons l&rsquo;autorisation explicite de le faire. Vos donn\u00e9es ne seront pas partag\u00e9es avec des tiers, sauf pour satisfaire \u00e0 des obligations comptables et administratives. Ces tiers sont tous tenus \u00e0 la confidentialit\u00e9 en vertu de l&rsquo;accord conclu entre eux et nous ou d&rsquo;un serment ou d&rsquo;une obligation l\u00e9gale.     <\/p>\n<p>Donn\u00e9es collect\u00e9es automatiquement<\/p>\n<p>Les donn\u00e9es collect\u00e9es automatiquement par notre site web sont trait\u00e9es dans le but d&rsquo;am\u00e9liorer nos services. Ces donn\u00e9es (par exemple votre adresse IP, votre navigateur web et votre syst\u00e8me d&rsquo;exploitation) ne sont pas des donn\u00e9es personnelles. <\/p>\n<p>Coop\u00e9ration dans les enqu\u00eates fiscales et p\u00e9nales<\/p>\n<p>Le cas \u00e9ch\u00e9ant, SHPO peut \u00eatre tenu par la loi de partager vos donn\u00e9es dans le cadre d&rsquo;enqu\u00eates fiscales ou criminelles men\u00e9es par le gouvernement. Dans ce cas, nous sommes contraints de partager vos donn\u00e9es, mais nous r\u00e9sisterons dans les limites des possibilit\u00e9s offertes par la loi. <\/p>\n<p>D\u00e9lais de conservation<\/p>\n<p>Nous conservons vos donn\u00e9es aussi longtemps que vous \u00eates notre client. Cela signifie que nous conserverons votre profil de client jusqu&rsquo;\u00e0 ce que vous nous indiquiez que vous ne souhaitez plus utiliser nos services. Si vous nous l&rsquo;indiquez, nous l&rsquo;interpr\u00e9terons \u00e9galement comme une demande d&rsquo;oubli. Sur la base des obligations administratives applicables, nous sommes tenus de conserver les factures contenant vos donn\u00e9es (personnelles), de sorte que nous conserverons ces donn\u00e9es aussi longtemps que durera le d\u00e9lai applicable. Toutefois, les employ\u00e9s n&rsquo;ont plus acc\u00e8s \u00e0 votre profil client et aux documents que nous avons produits en r\u00e9ponse \u00e0 vos instructions.    <\/p>\n<p>Vos droits<\/p>\n<p>En vertu du droit n\u00e9erlandais et europ\u00e9en applicable, vous disposez, en tant que personne concern\u00e9e, de certains droits relatifs aux donn\u00e9es personnelles trait\u00e9es par nous ou en notre nom. Nous expliquons ci-dessous de quels droits il s&rsquo;agit et comment vous pouvez les faire valoir. En principe, pour \u00e9viter tout abus, nous n&rsquo;envoyons des copies et des transcriptions de vos donn\u00e9es qu&rsquo;\u00e0 l&rsquo;adresse \u00e9lectronique que nous connaissons d\u00e9j\u00e0. Si vous souhaitez recevoir les donn\u00e9es \u00e0 une autre adresse \u00e9lectronique ou par la poste, par exemple, nous vous demanderons de vous identifier. Nous conservons les demandes satisfaites ; en cas d&rsquo;oubli, nous g\u00e9rons des donn\u00e9es anonymes. Vous recevrez toutes les copies et transcriptions des donn\u00e9es dans le format de donn\u00e9es lisible par machine que nous utilisons dans nos syst\u00e8mes. Vous avez le droit de d\u00e9poser \u00e0 tout moment une plainte aupr\u00e8s de l&rsquo;Autorit\u00e9 des donn\u00e9es personnelles si vous soup\u00e7onnez que nous utilisons vos donn\u00e9es personnelles de mani\u00e8re incorrecte.      <\/p>\n<\/div>\n<\/div>\n<\/div>\n<\/div>\n<div class=\"page\" title=\"Page 4\">\n<div class=\"section\">\n<div class=\"layoutArea\">\n<div class=\"column\">\n<p>Droit de regard<\/p>\n<p>Vous avez toujours le droit de consulter les donn\u00e9es que nous traitons (ou avons trait\u00e9es) et qui se rapportent \u00e0 votre personne ou qui permettent de remonter jusqu&rsquo;\u00e0 elle. Vous pouvez en faire la demande \u00e0 notre personne de contact pour les questions de protection de la vie priv\u00e9e. Vous recevrez une r\u00e9ponse \u00e0 votre demande dans un d\u00e9lai de 30 jours. Si votre demande est accept\u00e9e, nous vous enverrons, \u00e0 l&rsquo;adresse \u00e9lectronique que nous connaissons, une copie de toutes les donn\u00e9es avec une liste des sous-traitants qui d\u00e9tiennent ces donn\u00e9es, en indiquant la cat\u00e9gorie sous laquelle nous avons stock\u00e9 ces donn\u00e9es.   <\/p>\n<p>Droit de rectification<\/p>\n<p>Vous avez toujours le droit de faire modifier les donn\u00e9es que nous traitons (ou faisons traiter) et qui se rapportent \u00e0 votre personne ou qui permettent de remonter jusqu&rsquo;\u00e0 vous. Vous pouvez en faire la demande \u00e0 notre personne de contact pour les questions de protection de la vie priv\u00e9e. Vous recevrez une r\u00e9ponse \u00e0 votre demande dans un d\u00e9lai de 30 jours. Si votre demande est accept\u00e9e, nous vous enverrons une confirmation \u00e0 l&rsquo;adresse \u00e9lectronique dont nous avons connaissance que les donn\u00e9es ont \u00e9t\u00e9 modifi\u00e9es.   <\/p>\n<p>Droit \u00e0 la limitation du traitement<\/p>\n<p>Vous avez toujours le droit de limiter les donn\u00e9es que nous traitons (ou faisons traiter) et qui se rapportent \u00e0 votre personne ou peuvent \u00eatre retrac\u00e9es jusqu&rsquo;\u00e0 elle. Vous pouvez en faire la demande aupr\u00e8s de notre personne de contact. <\/p>\n<p>des questions relatives \u00e0 la protection de la vie priv\u00e9e. Vous recevrez alors une r\u00e9ponse \u00e0 votre demande dans un d\u00e9lai de 30 jours. Si votre demande est accept\u00e9e, nous vous enverrons une confirmation \u00e0 l&rsquo;adresse \u00e9lectronique que nous connaissons, indiquant que les donn\u00e9es ne seront plus trait\u00e9es jusqu&rsquo;\u00e0 ce que vous leviez la restriction.  <\/p>\n<p>Droit de transfert<\/p>\n<p>Vous avez toujours le droit de faire ex\u00e9cuter par un tiers les donn\u00e9es que nous traitons (ou faisons traiter) et qui se rapportent \u00e0 votre personne ou qui permettent de remonter jusqu&rsquo;\u00e0 vous. Vous pouvez en faire la demande \u00e0 notre personne de contact pour les questions de protection de la vie priv\u00e9e. Vous recevrez alors une r\u00e9ponse \u00e0 votre demande dans un d\u00e9lai de 30 jours. Si votre demande est accept\u00e9e, nous vous enverrons, \u00e0 l&rsquo;adresse \u00e9lectronique que nous connaissons, des copies ou des transcriptions de toutes les donn\u00e9es vous concernant que nous avons trait\u00e9es ou que nous avons fait traiter en notre nom par d&rsquo;autres sous-traitants ou par des tiers. Dans ce cas, nous ne pourrons vraisemblablement plus continuer \u00e0 fournir des services, car l&rsquo;interconnexion s\u00e9curis\u00e9e des fichiers de donn\u00e9es ne peut plus \u00eatre garantie.    <\/p>\n<p>Droit d&rsquo;opposition et autres droits<\/p>\n<p>Vous avez le droit de vous opposer, le cas \u00e9ch\u00e9ant, au traitement de vos donn\u00e9es \u00e0 caract\u00e8re personnel par SHPO ou en son nom. Si vous vous y opposez, nous cesserons imm\u00e9diatement le traitement des donn\u00e9es dans l&rsquo;attente du r\u00e8glement de votre objection. Si votre objection est fond\u00e9e, nous mettrons \u00e0 votre disposition des copies et\/ou des copies des donn\u00e9es que nous traitons (ou avons trait\u00e9es), puis nous cesserons d\u00e9finitivement le traitement. Vous avez \u00e9galement le droit de ne pas \u00eatre soumis \u00e0 une prise de d\u00e9cision individuelle automatis\u00e9e ou \u00e0 un profilage. Nous ne traitons pas vos donn\u00e9es de mani\u00e8re \u00e0 ce que ce droit s&rsquo;applique. Si vous pensez que c&rsquo;est le cas, veuillez contacter notre personne de contact charg\u00e9e de la protection de la vie priv\u00e9e.     <\/p>\n<\/div>\n<\/div>\n<\/div>\n<\/div>\n<div class=\"page\" title=\"Page 5\">\n<div class=\"section\">\n<div class=\"layoutArea\">\n<div class=\"column\">\n<p>Cookies Google Analytics<\/p>\n<p>Sur notre site web, des cookies sont plac\u00e9s par la soci\u00e9t\u00e9 am\u00e9ricaine Google, dans le cadre du service \u00ab\u00a0Analytics\u00a0\u00bb. Nous utilisons ce service pour suivre et recevoir des rapports sur la fa\u00e7on dont les visiteurs utilisent le site web. Ce sous-traitant peut \u00eatre tenu, en vertu des lois et r\u00e8glements applicables, de donner acc\u00e8s \u00e0 ces donn\u00e9es. Nous collectons des informations sur votre comportement de navigation et les transmettons \u00e0 Google. Google peut interpr\u00e9ter ces informations en conjonction avec d&rsquo;autres ensembles de donn\u00e9es et ainsi suivre vos mouvements sur Internet. Google utilise ces informations pour vous proposer, entre autres, des publicit\u00e9s cibl\u00e9es (Adwords) et d&rsquo;autres services et produits Google.     <\/p>\n<p>Cookies de tiers<\/p>\n<p>Si des solutions logicielles de tiers utilisent des cookies, cela est mentionn\u00e9 dans la pr\u00e9sente d\u00e9claration de confidentialit\u00e9.<\/p>\n<p>Modifications de la politique de confidentialit\u00e9<\/p>\n<p>Nous nous r\u00e9servons le droit de modifier notre politique de confidentialit\u00e9 \u00e0 tout moment. Toutefois, vous trouverez toujours la version la plus r\u00e9cente sur cette page. Si la nouvelle politique de confidentialit\u00e9 affecte la mani\u00e8re dont nous traitons les donn\u00e9es d\u00e9j\u00e0 collect\u00e9es \u00e0 votre sujet, nous vous en informerons par e-mail.  <\/p>\n<p><br><br>Coordonn\u00e9es SHPO Papestraat 29 B-9160 Lokeren Belgique T (049) 919-7760 E info@shpo.eu Personne de contact pour les questions de confidentialit\u00e9 Filip Van Acker<\/p>\n<\/div>\n<\/div>\n<\/div>\n<\/div>\t\t\t\t\t\t\t\t<\/div>\n\t\t\t\t\t<\/div>\n\t\t\t\t<\/div>\n\t\t\t\t<\/div>\n\t\t","protected":false},"excerpt":{"rendered":"<p>Clause de non-responsabilit\u00e9 et protection de la vie priv\u00e9e Politique de confidentialit\u00e9 SHPO Uw partner in logistieke optimalisatie A propos de notre politique de confidentialit\u00e9 SHPO se pr\u00e9occupe beaucoup de votre vie priv\u00e9e. C&rsquo;est pourquoi nous ne traitons que les donn\u00e9es dont nous avons besoin pour (am\u00e9liorer) nos services et nous traitons avec soin les [&hellip;]<\/p>\n","protected":false},"author":1,"featured_media":0,"parent":0,"menu_order":0,"comment_status":"closed","ping_status":"open","template":"","meta":{"footnotes":""},"class_list":["post-4054","page","type-page","status-publish","hentry"],"_links":{"self":[{"href":"https:\/\/shpo.eu\/fr\/wp-json\/wp\/v2\/pages\/4054","targetHints":{"allow":["GET"]}}],"collection":[{"href":"https:\/\/shpo.eu\/fr\/wp-json\/wp\/v2\/pages"}],"about":[{"href":"https:\/\/shpo.eu\/fr\/wp-json\/wp\/v2\/types\/page"}],"author":[{"embeddable":true,"href":"https:\/\/shpo.eu\/fr\/wp-json\/wp\/v2\/users\/1"}],"replies":[{"embeddable":true,"href":"https:\/\/shpo.eu\/fr\/wp-json\/wp\/v2\/comments?post=4054"}],"version-history":[{"count":0,"href":"https:\/\/shpo.eu\/fr\/wp-json\/wp\/v2\/pages\/4054\/revisions"}],"wp:attachment":[{"href":"https:\/\/shpo.eu\/fr\/wp-json\/wp\/v2\/media?parent=4054"}],"curies":[{"name":"wp","href":"https:\/\/api.w.org\/{rel}","templated":true}]}}