{"id":4925,"date":"2024-10-08T20:58:22","date_gmt":"2024-10-08T18:58:22","guid":{"rendered":"https:\/\/shpo.eu\/catalogus\/unkategorisiert\/auffangwannen-typ-wm-wo\/"},"modified":"2024-10-08T20:58:22","modified_gmt":"2024-10-08T18:58:22","slug":"auffangwannen-typ-wm-wo","status":"publish","type":"product","link":"https:\/\/shpo.eu\/de\/katalog\/sammelbehalter-450-1000-liter\/auffangwannen-typ-wm-wo\/","title":{"rendered":"AUFFANGWANNEN TYP WM \/ WO"},"content":{"rendered":"<h1>Lagerung von max. 4 x 200-Liter-F\u00e4ssern, auch kombinierbar mit 60-Liter-F\u00e4ssern und Kleinpackungen<\/h1>\n<ul>\n<li>Konstruktion aus 3 mm Stahlblech<\/li>\n<li>100 mm Unterfahrh\u00f6he<\/li>\n<li>Transportierbar mit Hubwagen und Gabelstapler<\/li>\n<\/ul>\n<h3>Versionen<\/h3>\n<h4>WM<\/h4>\n<ul>\n<li>mit verzinktem Gitterboden (Tragf\u00e4higkeit 1000 kg\/m\u00b2)<\/li>\n<\/ul>\n<p>&nbsp;<\/p>\n<h4>WW<\/h4>\n<ul>\n<li><span style=\"font-size: 16px\">ohne Gitter<\/span><\/li>\n<\/ul>\n","protected":false},"excerpt":{"rendered":"<p>Lagerung von max. 4 x 200-Liter-F\u00e4ssern, auch kombinierbar mit 60-Liter-F\u00e4ssern und Kleinpackungen Konstruktion aus 3 mm Stahlblech 100 mm Unterfahrh\u00f6he Transportierbar mit Hubwagen und Gabelstapler Versionen WM mit verzinktem Gitterboden (Tragf\u00e4higkeit 1000 kg\/m\u00b2) &nbsp; WW ohne Gitter<\/p>\n","protected":false},"featured_media":3148,"template":"","meta":[],"product_brand":[],"product_cat":[220],"product_tag":[],"class_list":{"0":"post-4925","1":"product","2":"type-product","3":"status-publish","4":"has-post-thumbnail","6":"product_cat-sammelbehalter-450-1000-liter","8":"first","9":"instock","10":"shipping-taxable","11":"product-type-simple"},"_links":{"self":[{"href":"https:\/\/shpo.eu\/de\/wp-json\/wp\/v2\/product\/4925","targetHints":{"allow":["GET"]}}],"collection":[{"href":"https:\/\/shpo.eu\/de\/wp-json\/wp\/v2\/product"}],"about":[{"href":"https:\/\/shpo.eu\/de\/wp-json\/wp\/v2\/types\/product"}],"wp:featuredmedia":[{"embeddable":true,"href":"https:\/\/shpo.eu\/de\/wp-json\/wp\/v2\/media\/3148"}],"wp:attachment":[{"href":"https:\/\/shpo.eu\/de\/wp-json\/wp\/v2\/media?parent=4925"}],"wp:term":[{"taxonomy":"product_brand","embeddable":true,"href":"https:\/\/shpo.eu\/de\/wp-json\/wp\/v2\/product_brand?post=4925"},{"taxonomy":"product_cat","embeddable":true,"href":"https:\/\/shpo.eu\/de\/wp-json\/wp\/v2\/product_cat?post=4925"},{"taxonomy":"product_tag","embeddable":true,"href":"https:\/\/shpo.eu\/de\/wp-json\/wp\/v2\/product_tag?post=4925"}],"curies":[{"name":"wp","href":"https:\/\/api.w.org\/{rel}","templated":true}]}}