{"id":4756,"date":"2024-09-25T15:16:00","date_gmt":"2024-09-25T13:16:00","guid":{"rendered":"https:\/\/shpo.eu\/catalogus\/unkategorisiert\/zusammenklappbarer-wagen-100-kg\/"},"modified":"2024-09-25T15:16:00","modified_gmt":"2024-09-25T13:16:00","slug":"zusammenklappbarer-wagen-100-kg","status":"publish","type":"product","link":"https:\/\/shpo.eu\/de\/katalog\/handling-de\/interne-transportmittel\/trolleys-de\/zusammenklappbarer-wagen-100-kg\/","title":{"rendered":"Zusammenklappbarer Wagen \/ 100 kg"},"content":{"rendered":"<p>&nbsp;<\/p>\n<p><strong><u>Zusammenklappbarer Wagen <\/u><\/strong>aus robustem Rohr- und Profilstahl.<\/p>\n<ul>\n<li>H\u00f6he : 665 \/ 1120 mm<\/li>\n<li>Breite : 440 mm<\/li>\n<li>Gr\u00f6\u00dfe der Schaufel: 255 x 340 mm (B x T)<\/li>\n<li>Tragf\u00e4higkeit : 100 kg<\/li>\n<li>Oberfl\u00e4chenbehandlung : Pulverbeschichtet RAL 5001 gr\u00fcn-blau<\/li>\n<li>R\u00e4der : 140 x 38 Vollkunststoff<\/li>\n<li>Lieferzeit : 4 &#8211; 6 Arbeitstage<\/li>\n<\/ul>\n","protected":false},"excerpt":{"rendered":"<p>&nbsp; Zusammenklappbarer Wagen aus robustem Rohr- und Profilstahl. H\u00f6he : 665 \/ 1120 mm Breite : 440 mm Gr\u00f6\u00dfe der Schaufel: 255 x 340 mm (B x T) Tragf\u00e4higkeit : 100 kg Oberfl\u00e4chenbehandlung : Pulverbeschichtet RAL 5001 gr\u00fcn-blau R\u00e4der : 140 x 38 Vollkunststoff Lieferzeit : 4 &#8211; 6 Arbeitstage<\/p>\n","protected":false},"featured_media":2024,"template":"","meta":[],"product_brand":[],"product_cat":[210],"product_tag":[],"class_list":{"0":"post-4756","1":"product","2":"type-product","3":"status-publish","4":"has-post-thumbnail","6":"product_cat-trolleys-de","8":"first","9":"instock","10":"shipping-taxable","11":"product-type-simple"},"_links":{"self":[{"href":"https:\/\/shpo.eu\/de\/wp-json\/wp\/v2\/product\/4756","targetHints":{"allow":["GET"]}}],"collection":[{"href":"https:\/\/shpo.eu\/de\/wp-json\/wp\/v2\/product"}],"about":[{"href":"https:\/\/shpo.eu\/de\/wp-json\/wp\/v2\/types\/product"}],"wp:featuredmedia":[{"embeddable":true,"href":"https:\/\/shpo.eu\/de\/wp-json\/wp\/v2\/media\/2024"}],"wp:attachment":[{"href":"https:\/\/shpo.eu\/de\/wp-json\/wp\/v2\/media?parent=4756"}],"wp:term":[{"taxonomy":"product_brand","embeddable":true,"href":"https:\/\/shpo.eu\/de\/wp-json\/wp\/v2\/product_brand?post=4756"},{"taxonomy":"product_cat","embeddable":true,"href":"https:\/\/shpo.eu\/de\/wp-json\/wp\/v2\/product_cat?post=4756"},{"taxonomy":"product_tag","embeddable":true,"href":"https:\/\/shpo.eu\/de\/wp-json\/wp\/v2\/product_tag?post=4756"}],"curies":[{"name":"wp","href":"https:\/\/api.w.org\/{rel}","templated":true}]}}