{"id":4657,"date":"2024-09-25T15:16:43","date_gmt":"2024-09-25T13:16:43","guid":{"rendered":"https:\/\/shpo.eu\/catalogus\/unkategorisiert\/tischplattenwagen-850x500-mm-mit-2-ebenen\/"},"modified":"2024-09-25T15:16:43","modified_gmt":"2024-09-25T13:16:43","slug":"tischplattenwagen-850x500-mm-mit-2-ebenen","status":"publish","type":"product","link":"https:\/\/shpo.eu\/de\/katalog\/handling-de\/interne-transportmittel\/tischplatten-wagen\/tischplattenwagen-850x500-mm-mit-2-ebenen\/","title":{"rendered":"Tischplattenwagen 850&#215;500 mm mit 2 Ebenen"},"content":{"rendered":"<p><strong><u>Tischwagen mit 2 Ebenen <\/u><\/strong>aus robustem Rohr- und Profilstahl<\/p>\n<ul>\n<li>2 Plattformen : 850 x 500 mm<\/li>\n<li>Tragf\u00e4higkeit : 500 kg<\/li>\n<li>2 Lenkrollen &#8211; 2 Lenkrollen mit festem Rad<\/li>\n<li>Oberfl\u00e4chenbehandlung : pulverbeschichtet blau RAL 5001<\/li>\n<li>Ladefl\u00e4che : MDF<\/li>\n<li>R\u00e4der : 200 x 50mm Vollgummi auf verzinkter Stahlfelge mit Rollenlager<\/li>\n<li>Lieferzeit : 4 &#8211; 6 Arbeitstage<\/li>\n<\/ul>\n","protected":false},"excerpt":{"rendered":"<p>Tischwagen mit 2 Ebenen aus robustem Rohr- und Profilstahl 2 Plattformen : 850 x 500 mm Tragf\u00e4higkeit : 500 kg 2 Lenkrollen &#8211; 2 Lenkrollen mit festem Rad Oberfl\u00e4chenbehandlung : pulverbeschichtet blau RAL 5001 Ladefl\u00e4che : MDF R\u00e4der : 200 x 50mm Vollgummi auf verzinkter Stahlfelge mit Rollenlager Lieferzeit : 4 &#8211; 6 Arbeitstage<\/p>\n","protected":false},"featured_media":1937,"template":"","meta":[],"product_brand":[],"product_cat":[192],"product_tag":[],"class_list":{"0":"post-4657","1":"product","2":"type-product","3":"status-publish","4":"has-post-thumbnail","6":"product_cat-tischplatten-wagen","8":"first","9":"instock","10":"shipping-taxable","11":"product-type-simple"},"_links":{"self":[{"href":"https:\/\/shpo.eu\/de\/wp-json\/wp\/v2\/product\/4657","targetHints":{"allow":["GET"]}}],"collection":[{"href":"https:\/\/shpo.eu\/de\/wp-json\/wp\/v2\/product"}],"about":[{"href":"https:\/\/shpo.eu\/de\/wp-json\/wp\/v2\/types\/product"}],"wp:featuredmedia":[{"embeddable":true,"href":"https:\/\/shpo.eu\/de\/wp-json\/wp\/v2\/media\/1937"}],"wp:attachment":[{"href":"https:\/\/shpo.eu\/de\/wp-json\/wp\/v2\/media?parent=4657"}],"wp:term":[{"taxonomy":"product_brand","embeddable":true,"href":"https:\/\/shpo.eu\/de\/wp-json\/wp\/v2\/product_brand?post=4657"},{"taxonomy":"product_cat","embeddable":true,"href":"https:\/\/shpo.eu\/de\/wp-json\/wp\/v2\/product_cat?post=4657"},{"taxonomy":"product_tag","embeddable":true,"href":"https:\/\/shpo.eu\/de\/wp-json\/wp\/v2\/product_tag?post=4657"}],"curies":[{"name":"wp","href":"https:\/\/api.w.org\/{rel}","templated":true}]}}