{"id":4601,"date":"2024-09-25T15:16:59","date_gmt":"2024-09-25T13:16:59","guid":{"rendered":"https:\/\/shpo.eu\/catalogus\/unkategorisiert\/lagerbehaelter-250-x-148-x-130-mm\/"},"modified":"2024-09-25T15:16:59","modified_gmt":"2024-09-25T13:16:59","slug":"lagerbehaelter-250-x-148-x-130-mm","status":"publish","type":"product","link":"https:\/\/shpo.eu\/de\/katalog\/verpackung\/lagerkasten\/lagerbehaelter-250-x-148-x-130-mm\/","title":{"rendered":"Lagerbeh\u00e4lter &#8211; 250 x 148 x 130 mm"},"content":{"rendered":"<p><u>Langlebiger Aufbewahrungsbeh\u00e4lter aus Kunststoff:  <\/u><\/p>\n<p><u>Stapelbarer<\/u> Aufbewahrungsbeh\u00e4lter, stapelbar mit verschiedenen anderen Aufbewahrungsbeh\u00e4ltern<\/p>\n<p>Marke : <span style=\"color: #3a3091\"><strong>Axjo Gruppe (PPS) &#8211; Schweden<\/strong><\/span><\/p>\n<p><u>Technische Hinweise<\/u><\/p>\n<ul>\n<li>Gr\u00f6\u00dfe :\n<ul>\n<li>250 x 148 x 130 mm (L x B x H) : Au\u00dfenma\u00dfe<\/li>\n<li>199 x 138 x 120 mm (L x B x H) : Innenma\u00dfe<\/li>\n<\/ul>\n<\/li>\n<li>Farben : Standard blau, rot oder gelb (PP lebensmittelecht)<\/li>\n<li><span style=\"color: #b5b5b5\"><strong>GREENOLOGY VERSION <\/strong><\/span>(CO2 reduziert) : Farbe grau<\/li>\n<li>Volumen : 4,8 Liter \/ Gewicht : 0,23 kg<\/li>\n<li>Temperaturbest\u00e4ndigkeit : -40\u00b0C bis +70\u00b0C<\/li>\n<li>Chemische Best\u00e4ndigkeit: \u00d6le, die meisten S\u00e4uren und L\u00f6sungsmittel<\/li>\n<li>Verkauf : <u><strong>nur<\/strong><\/u> pro vollem Karton von 36 St\u00fcck \/ Palettenmenge : 432 St\u00fcck<\/li>\n<\/ul>\n<p><u>Implementierung<\/u>:<\/p>\n<ul>\n<li><u> <\/u> Lagerbeh\u00e4lter mit ergonomischer Griff\u00f6ffnung an der kurzen Seite<\/li>\n<li>Der Aufbewahrungsbeh\u00e4lter kann dank des stabilen, vertieften Randes an der R\u00fcckseite auch auf Schienen montiert werden<\/li>\n<li>kein L\u00e4ngsteiler verf\u00fcgbar<\/li>\n<\/ul>\n","protected":false},"excerpt":{"rendered":"<p>Langlebiger Aufbewahrungsbeh\u00e4lter aus Kunststoff: Stapelbarer Aufbewahrungsbeh\u00e4lter, stapelbar mit verschiedenen anderen Aufbewahrungsbeh\u00e4ltern Marke : Axjo Gruppe (PPS) &#8211; Schweden Technische Hinweise Gr\u00f6\u00dfe : 250 x 148 x 130 mm (L x B x H) : Au\u00dfenma\u00dfe 199 x 138 x 120 mm (L x B x H) : Innenma\u00dfe Farben : Standard blau, rot oder gelb [&hellip;]<\/p>\n","protected":false},"featured_media":1743,"template":"","meta":[],"product_brand":[],"product_cat":[182],"product_tag":[],"class_list":{"0":"post-4601","1":"product","2":"type-product","3":"status-publish","4":"has-post-thumbnail","6":"product_cat-lagerkasten","8":"first","9":"instock","10":"shipping-taxable","11":"product-type-simple"},"_links":{"self":[{"href":"https:\/\/shpo.eu\/de\/wp-json\/wp\/v2\/product\/4601","targetHints":{"allow":["GET"]}}],"collection":[{"href":"https:\/\/shpo.eu\/de\/wp-json\/wp\/v2\/product"}],"about":[{"href":"https:\/\/shpo.eu\/de\/wp-json\/wp\/v2\/types\/product"}],"wp:featuredmedia":[{"embeddable":true,"href":"https:\/\/shpo.eu\/de\/wp-json\/wp\/v2\/media\/1743"}],"wp:attachment":[{"href":"https:\/\/shpo.eu\/de\/wp-json\/wp\/v2\/media?parent=4601"}],"wp:term":[{"taxonomy":"product_brand","embeddable":true,"href":"https:\/\/shpo.eu\/de\/wp-json\/wp\/v2\/product_brand?post=4601"},{"taxonomy":"product_cat","embeddable":true,"href":"https:\/\/shpo.eu\/de\/wp-json\/wp\/v2\/product_cat?post=4601"},{"taxonomy":"product_tag","embeddable":true,"href":"https:\/\/shpo.eu\/de\/wp-json\/wp\/v2\/product_tag?post=4601"}],"curies":[{"name":"wp","href":"https:\/\/api.w.org\/{rel}","templated":true}]}}