{"id":4585,"date":"2024-09-20T15:17:07","date_gmt":"2024-09-20T13:17:07","guid":{"rendered":"https:\/\/shpo.eu\/catalogus\/unkategorisiert\/teile-aufbewahrungsbehaelter-300-x-115-x-100-mm\/"},"modified":"2024-09-20T15:17:07","modified_gmt":"2024-09-20T13:17:07","slug":"teile-aufbewahrungsbehaelter-300-x-115-x-100-mm","status":"publish","type":"product","link":"https:\/\/shpo.eu\/de\/katalog\/system-boxen\/teile-aufbewahrungsbehaelter-300-x-115-x-100-mm\/","title":{"rendered":"Teile-\/Aufbewahrungsbeh\u00e4lter &#8211; 300 x 115 x 100 mm"},"content":{"rendered":"<p><u>Strapazierf\u00e4higer Kunststoffteilebeh\u00e4lter :<\/u><\/p>\n<p>Teilebeh\u00e4lter (100 mm hoch) mit geraden Trennw\u00e4nden f\u00fcr ergonomische Handhabung und Teileentnahme<\/p>\n<p>Marke : <strong><span style=\"color: #213f92\">Axjo Group (PPS)<\/span> &#8211; Schweden<\/strong><\/p>\n<p><u>Technische Hinweise<\/u><\/p>\n<ul>\n<li>Gr\u00f6\u00dfe :\n<ul>\n<li>300 x 115 x 100 mm (L x B x H)<\/li>\n<li>256 x 96 x 90 mm (L x B x H)<\/li>\n<\/ul>\n<\/li>\n<li>Volumen : 2,2 Liter \/ Gewicht : 0,20 kg<\/li>\n<li>Farbe : Standard blau (PP lebensmittelecht)<\/li>\n<li><strong><span style=\"color: #b5b5b5\">GREENOLOGY VERSION<\/span> <\/strong>(CO2 reduziert) : Farbe grau<\/li>\n<li>Temperaturbest\u00e4ndigkeit : -40\u00b0C bis +70\u00b0C<\/li>\n<li>Chemische Best\u00e4ndigkeit: \u00d6le, die meisten S\u00e4uren und L\u00f6sungsmittel<\/li>\n<li>Verkauf : <strong><u>nur<\/u><\/strong> pro vollem Karton mit 24 St\u00fcck \/ Palettenmenge : 528 St\u00fcck<\/li>\n<\/ul>\n<p><u>Implementierung :<\/u><\/p>\n<ul>\n<li>Container kann mit 3 geraden Trennw\u00e4nden ausgestattet werden\n<ul>\n<li>Positionen : 65, 130, 185 mm<\/li>\n<\/ul>\n<\/li>\n<\/ul>\n","protected":false},"excerpt":{"rendered":"<p>Strapazierf\u00e4higer Kunststoffteilebeh\u00e4lter : Teilebeh\u00e4lter (100 mm hoch) mit geraden Trennw\u00e4nden f\u00fcr ergonomische Handhabung und Teileentnahme Marke : Axjo Group (PPS) &#8211; Schweden Technische Hinweise Gr\u00f6\u00dfe : 300 x 115 x 100 mm (L x B x H) 256 x 96 x 90 mm (L x B x H) Volumen : 2,2 Liter \/ Gewicht : [&hellip;]<\/p>\n","protected":false},"featured_media":1534,"template":"","meta":[],"product_brand":[],"product_cat":[178],"product_tag":[],"class_list":{"0":"post-4585","1":"product","2":"type-product","3":"status-publish","4":"has-post-thumbnail","6":"product_cat-system-boxen","8":"first","9":"instock","10":"shipping-taxable","11":"product-type-simple"},"_links":{"self":[{"href":"https:\/\/shpo.eu\/de\/wp-json\/wp\/v2\/product\/4585","targetHints":{"allow":["GET"]}}],"collection":[{"href":"https:\/\/shpo.eu\/de\/wp-json\/wp\/v2\/product"}],"about":[{"href":"https:\/\/shpo.eu\/de\/wp-json\/wp\/v2\/types\/product"}],"wp:featuredmedia":[{"embeddable":true,"href":"https:\/\/shpo.eu\/de\/wp-json\/wp\/v2\/media\/1534"}],"wp:attachment":[{"href":"https:\/\/shpo.eu\/de\/wp-json\/wp\/v2\/media?parent=4585"}],"wp:term":[{"taxonomy":"product_brand","embeddable":true,"href":"https:\/\/shpo.eu\/de\/wp-json\/wp\/v2\/product_brand?post=4585"},{"taxonomy":"product_cat","embeddable":true,"href":"https:\/\/shpo.eu\/de\/wp-json\/wp\/v2\/product_cat?post=4585"},{"taxonomy":"product_tag","embeddable":true,"href":"https:\/\/shpo.eu\/de\/wp-json\/wp\/v2\/product_tag?post=4585"}],"curies":[{"name":"wp","href":"https:\/\/api.w.org\/{rel}","templated":true}]}}